{"id":33,"date":"2026-02-15T15:45:57","date_gmt":"2026-02-15T14:45:57","guid":{"rendered":"https:\/\/beata-dribczak.com\/strona-glowna\/"},"modified":"2026-02-17T22:44:33","modified_gmt":"2026-02-17T21:44:33","slug":"home","status":"publish","type":"page","link":"https:\/\/beata-dribczak.com\/pl\/","title":{"rendered":"Home"},"content":{"rendered":"<div class=\"wp-block-group alignfull is-style-ext-preset--group--natural-1--section has-background-background-color has-background has-global-padding is-layout-constrained wp-block-group-is-layout-constrained\" style=\"margin-top:0;margin-bottom:0;padding-top:var(--wp--preset--spacing--50);padding-bottom:var(--wp--preset--spacing--70)\">\n<div class=\"wp-block-columns alignwide is-layout-flex wp-container-core-columns-is-layout-08c01c1c wp-block-columns-is-layout-flex\">\n<div class=\"wp-block-column is-vertically-aligned-stretch is-layout-flow wp-block-column-is-layout-flow\">\n<div class=\"wp-block-cover is-style-ext-preset--image--natural-1--image-1--content-left is-style-ext-preset--image--natural-1--image-1--content-left--2\" style=\"min-height:100%;aspect-ratio:unset;\"><span aria-hidden=\"true\" class=\"wp-block-cover__background has-background-dim-0 has-background-dim\" style=\"background-color:#88776a\"><\/span><img loading=\"lazy\" decoding=\"async\" width=\"1200\" height=\"800\" src=\"https:\/\/beata-dribczak.com\/wp-content\/uploads\/2026\/02\/beata-dribczak-ubersetzerin.webp\" class=\"wp-block-cover__image-background wp-post-image\" alt=\"\" data-object-fit=\"cover\" data-object-position=\"21% 53%\" style=\"object-position:21% 53%;\" srcset=\"https:\/\/beata-dribczak.com\/wp-content\/uploads\/2026\/02\/beata-dribczak-ubersetzerin.webp 1200w, https:\/\/beata-dribczak.com\/wp-content\/uploads\/2026\/02\/beata-dribczak-ubersetzerin-300x200.webp 300w, https:\/\/beata-dribczak.com\/wp-content\/uploads\/2026\/02\/beata-dribczak-ubersetzerin-1024x683.webp 1024w, https:\/\/beata-dribczak.com\/wp-content\/uploads\/2026\/02\/beata-dribczak-ubersetzerin-768x512.webp 768w, https:\/\/beata-dribczak.com\/wp-content\/uploads\/2026\/02\/beata-dribczak-ubersetzerin-18x12.webp 18w\" sizes=\"auto, (max-width: 1200px) 100vw, 1200px\" \/><div class=\"wp-block-cover__inner-container is-layout-flow wp-block-cover-is-layout-flow\">\n<div style=\"height:320px\" aria-hidden=\"true\" class=\"wp-block-spacer\"><\/div>\n<\/div><\/div>\n<\/div>\n\n\n\n<div class=\"wp-block-column is-vertically-aligned-stretch is-layout-flow wp-block-column-is-layout-flow\">\n<div class=\"wp-block-group alignwide is-style-ext-preset--group--natural-1--item-card-1--align-start has-tertiary-background-color has-background is-nowrap is-layout-flex wp-container-core-group-is-layout-bcde1d39 wp-block-group-is-layout-flex is-style-ext-preset--group--natural-1--item-card-1--align-start--3\" style=\"min-height:100%;padding-top:0;padding-right:0;padding-bottom:0;padding-left:0\">\n<div class=\"wp-block-group alignwide is-vertical is-layout-flex wp-container-core-group-is-layout-fa0d61a1 wp-block-group-is-layout-flex\" style=\"padding-top:var(--wp--preset--spacing--50);padding-right:var(--wp--preset--spacing--50);padding-bottom:var(--wp--preset--spacing--50);padding-left:var(--wp--preset--spacing--50)\">\n<div class=\"wp-block-group has-global-padding is-layout-constrained wp-container-core-group-is-layout-812d5580 wp-block-group-is-layout-constrained\" style=\"padding-top:0;padding-right:0;padding-bottom:0;padding-left:0\">\n<h1 class=\"wp-block-heading has-text-align-center has-large-font-size\">Beata Dribczak - Do\u015bwiadczona, przysi\u0119g\u0142a t\u0142umacz j\u0119zyka niemieckiego<\/h1>\n\n\n\n<p class=\"has-text-align-center\" style=\"font-size:clamp(14px, 0.875rem + ((1vw - 3.2px) * 0.417), 18px);\">precyzyjnie | rzetelnie | profesjonalnie | elokwentnie<\/p>\n\n\n\n<p class=\"has-text-align-center\" style=\"font-size:clamp(14px, 0.875rem + ((1vw - 3.2px) * 0.417), 18px);\"><strong>Niemiecki | Polski<\/strong><\/p>\n\n\n\n<p class=\"has-text-align-center\" style=\"font-size:clamp(14px, 0.875rem + ((1vw - 3.2px) * 0.417), 18px);\">Tw\u00f3j pomost do mi\u0119dzynarodowej komunikacji.<\/p>\n<\/div>\n\n\n\n<div class=\"wp-block-buttons is-content-justification-center is-layout-flex wp-container-core-buttons-is-layout-a89b3969 wp-block-buttons-is-layout-flex\">\n<div class=\"wp-block-button is-style-ext-preset--button--natural-1--button-1 is-style-ext-preset--button--natural-1--button-1--4\"><a class=\"wp-block-button__link wp-element-button\" href=\"https:\/\/beata-dribczak.com\/pl\/kontakt\/\">Skontaktuj si\u0119 ze mn\u0105<\/a><\/div>\n<\/div>\n<\/div>\n<\/div>\n<\/div>\n<\/div>\n<\/div>\n\n\n\n<div class=\"wp-block-group alignfull is-style-ext-preset--group--natural-1--section has-background-background-color has-background has-global-padding is-layout-constrained wp-block-group-is-layout-constrained\" style=\"margin-top:0;margin-bottom:0;padding-top:var(--wp--preset--spacing--50);padding-bottom:var(--wp--preset--spacing--70)\">\n<h2 class=\"wp-block-heading has-text-align-center has-large-font-size\">Twoje korzy\u015bci<\/h2>\n\n\n\n<div class=\"wp-block-columns alignwide is-layout-flex wp-container-core-columns-is-layout-08c01c1c wp-block-columns-is-layout-flex\">\n<div class=\"wp-block-column is-vertically-aligned-stretch is-layout-flow wp-block-column-is-layout-flow\">\n<p class=\"has-text-align-center\"><strong>Specjalizacja i profesjonalizm<\/strong><\/p>\n\n\n\n<p class=\"has-text-align-center\">Jako absolwentka prawa niemieckiego i polskiego oraz t\u0142umacz przysi\u0119g\u0142a j\u0119zyka niemieckiego specjalizuj\u0105ca si\u0119 w przek\u0142adzie prawniczym, posiadam dog\u0142\u0119bn\u0105 znajomo\u015b\u0107 kontekstu prawnego i biznesowego. Mo\u017cesz polega\u0107 na profesjonalnej obs\u0142udze i najwy\u017cszych precyzyjnych, specjalistycznych t\u0142umaczeniach, kt\u00f3re spe\u0142niaj\u0105 najwy\u017csze standardy jako\u015bci i gwarantuj\u0105 profesjonalne przetwarzanie Twoich dokument\u00f3w.<\/p>\n<\/div>\n\n\n\n<div class=\"wp-block-column is-vertically-aligned-stretch is-layout-flow wp-block-column-is-layout-flow\">\n<p class=\"has-text-align-center\" style=\"font-size:clamp(14px, 0.875rem + ((1vw - 3.2px) * 0.417), 18px);\"><strong>Zwi\u0119ksz sw\u00f3j zasi\u0119g<\/strong><\/p>\n\n\n\n<p class=\"has-text-align-center\" style=\"font-size:clamp(14px, 0.875rem + ((1vw - 3.2px) * 0.417), 18px);\">Dzi\u0119ki mojemu do\u015bwiadczeniu w lokalizacji stron internetowych i materia\u0142\u00f3w marketingowych zapewniam optymalne dostosowanie komunikat\u00f3w do mi\u0119dzynarodowych grup docelowych. Umo\u017cliwia to skuteczne zdobywanie nowych rynk\u00f3w i pozycjonowanie marki na ca\u0142ym \u015bwiecie.<\/p>\n<\/div>\n\n\n\n<div class=\"wp-block-column is-layout-flow wp-block-column-is-layout-flow\">\n<p class=\"has-text-align-center\"><strong>Elastyczno\u015b\u0107 i indywidualne dostosowanie<\/strong><\/p>\n\n\n\n<p class=\"has-text-align-center\">Oferuj\u0119 rozwi\u0105zania szyte na miar\u0119, kt\u00f3re s\u0105 dopasowane do konkretnych potrzeb. Niezale\u017cnie od tego, czy chodzi o kr\u00f3tkoterminowe projekty, czy d\u0142ugoterminow\u0105 wsp\u00f3\u0142prac\u0119 \u2013 pracuj\u0119 elastycznie i dostosowuj\u0119 si\u0119 do Twoich wymaga\u0144 oraz ram czasowych.<\/p>\n<\/div>\n<\/div>\n<\/div>","protected":false},"excerpt":{"rendered":"<p>Beata Dribczak \u2013 Erfahrene und erm\u00e4chtigte \u00dcbersetzerin pr\u00e4zise | zuverl\u00e4ssig | professionell | sprachgewandt Deutsch | Polnisch Ihre Br\u00fccke zur internationalen Kommunikation. Ihre Vorteile Spezialisierung und Professionalit\u00e4t Als studierte Juristin im deutschen und polnischen Recht sowie erm\u00e4chtigte \u00dcbersetzerin f\u00fcr Polnisch mit Schwerpunkt in Rechtswesen verf\u00fcge ich \u00fcber tiefgehendes Fachwissen in rechtlichen und wirtschaftlichen Kontexten. Sie [&hellip;]<\/p>\n","protected":false},"author":1,"featured_media":118,"parent":0,"menu_order":0,"comment_status":"closed","ping_status":"closed","template":"no-title","meta":{"footnotes":""},"class_list":["post-33","page","type-page","status-publish","has-post-thumbnail","hentry"],"aioseo_notices":[],"_links":{"self":[{"href":"https:\/\/beata-dribczak.com\/pl\/wp-json\/wp\/v2\/pages\/33","targetHints":{"allow":["GET"]}}],"collection":[{"href":"https:\/\/beata-dribczak.com\/pl\/wp-json\/wp\/v2\/pages"}],"about":[{"href":"https:\/\/beata-dribczak.com\/pl\/wp-json\/wp\/v2\/types\/page"}],"author":[{"embeddable":true,"href":"https:\/\/beata-dribczak.com\/pl\/wp-json\/wp\/v2\/users\/1"}],"replies":[{"embeddable":true,"href":"https:\/\/beata-dribczak.com\/pl\/wp-json\/wp\/v2\/comments?post=33"}],"version-history":[{"count":13,"href":"https:\/\/beata-dribczak.com\/pl\/wp-json\/wp\/v2\/pages\/33\/revisions"}],"predecessor-version":[{"id":120,"href":"https:\/\/beata-dribczak.com\/pl\/wp-json\/wp\/v2\/pages\/33\/revisions\/120"}],"wp:featuredmedia":[{"embeddable":true,"href":"https:\/\/beata-dribczak.com\/pl\/wp-json\/wp\/v2\/media\/118"}],"wp:attachment":[{"href":"https:\/\/beata-dribczak.com\/pl\/wp-json\/wp\/v2\/media?parent=33"}],"curies":[{"name":"wp","href":"https:\/\/api.w.org\/{rel}","templated":true}]}}