{"id":102,"date":"2026-02-15T22:40:16","date_gmt":"2026-02-15T21:40:16","guid":{"rendered":"https:\/\/beata-dribczak.com\/?page_id=102"},"modified":"2026-02-17T23:22:28","modified_gmt":"2026-02-17T22:22:28","slug":"datenschutzbedingungen","status":"publish","type":"page","link":"https:\/\/beata-dribczak.com\/pl\/datenschutzbedingungen\/","title":{"rendered":"Datenschutzbedingungen"},"content":{"rendered":"<p style=\"margin-top:var(--wp--preset--spacing--40)\"><strong>Die Datenschutzrichtlinie beschreibt, wie wir Informationen \u00fcber Sie, einschlie\u00dflich personenbezogener Daten und Cookies, verarbeiten.<\/strong><\/p>\n\n\n\n<h2 class=\"wp-block-heading has-large-font-size\">1. Allgemeine Informationen<\/h2>\n\n\n\n<ol class=\"wp-block-list\">\n<li>Diese Richtlinie gilt f\u00fcr die Website, die unter der Url:&nbsp;<a href=\"https:\/\/beata-dribczak.com\/pl\/\" title=\"\">https:\/\/beata-dribczak.com<\/a><\/li>\n\n\n\n<li>Der Betreiber des Dienstes und Verwalter der personenbezogenen Daten ist: Virtual Solutions, Inh. Beata Dribczak mit Sitz in Hochst\u00e4dter Str. 19, 13347 Berlin, VAT-UE: DE367028802.<\/li>\n\n\n\n<li>Kontakt-E-Mail-Adresse des Betreibers: <a href=\"mailto:info@virtual-solutions.online\" title=\"\">info@beata-dribczak.com<\/a><\/li>\n\n\n\n<li>Der Betreiber ist der Verwalter Ihrer pers\u00f6nlichen Daten in Bezug auf die Daten, die Sie freiwillig auf der Website angeben.<\/li>\n\n\n\n<li>Der Dienst verwendet personenbezogene Daten f\u00fcr die folgenden Zwecke:\n<ul class=\"wp-block-list\">\n<li>Erstellung eines Newsletters<\/li>\n\n\n\n<li>F\u00fchren eines Online-Chats<\/li>\n\n\n\n<li>Bearbeitung von Anfragen \u00fcber das Formular<\/li>\n\n\n\n<li>Erbringung der gew\u00fcnschten Dienstleistungen<\/li>\n\n\n\n<li>Forderungseinzug<\/li>\n\n\n\n<li>Pr\u00e4sentation eines Angebots oder einer Information<\/li>\n<\/ul>\n<\/li>\n\n\n\n<li>Der Dienst f\u00fchrt Funktionen aus, um Informationen \u00fcber die Nutzer und ihr Verhalten auf folgende Weise zu erhalten:\n<ul class=\"wp-block-list\">\n<li>Mittels der freiwillig in die Formulare eingegebenen Daten, die in die Systeme des Betreibers eingegeben werden.<\/li>\n\n\n\n<li>Durch das Speichern von Cookies (sog. \u201eCookies\u201c) auf den Endger\u00e4ten.<\/li>\n<\/ul>\n<\/li>\n<\/ol>\n\n\n\n<h2 class=\"wp-block-heading has-large-font-size\">2. Ausgew\u00e4hlte Datenschutzmethoden des Betreibers<\/h2>\n\n\n\n<ol class=\"wp-block-list\">\n<li>Die Login- und Personendaten-Eingabeseiten sind in der \u00dcbertragungsschicht gesch\u00fctzt (SSL-Zertifikat). Dadurch wird sichergestellt, dass die auf der Website eingegebenen pers\u00f6nlichen Daten und Anmeldedaten auf dem Computer des Benutzers verschl\u00fcsselt werden und nur auf dem Zielserver gelesen werden k\u00f6nnen.<\/li>\n\n\n\n<li>Benutzerpassw\u00f6rter werden in Hash-Form gespeichert. Die Hash-Funktion arbeitet in einer Einbahnstra\u00dfe &#8211; es ist nicht m\u00f6glich, sie umzukehren, was heute der moderne Standard f\u00fcr die Speicherung von Benutzerpassw\u00f6rtern ist.<\/li>\n<\/ol>\n\n\n\n<h2 class=\"wp-block-heading has-large-font-size\">3. Das Hosting<\/h2>\n\n\n\n<ol class=\"wp-block-list\">\n<li>Die Website wird auf den Servern des Betreibers: dhosting.pl Sp. z o.o. gehostet (technisch gewartet).<\/li>\n\n\n\n<li>Das Hosting-Unternehmen f\u00fchrt auf Serverebene Protokolle, um die technische Zuverl\u00e4ssigkeit zu gew\u00e4hrleisten. Die Protokolle k\u00f6nnen Folgendes enthalten:\n<ul class=\"wp-block-list\">\n<li>durch eine URL angegebene Ressourcen (Adressen der angeforderten Ressourcen &#8211; Seiten, Dateien)<\/li>\n\n\n\n<li>die Uhrzeit der eingehenden Anfrage,<\/li>\n\n\n\n<li>Name der Client-Station &#8211; Identifizierung \u00fcber das HTTP-Protokoll,<\/li>\n\n\n\n<li>Informationen \u00fcber Fehler, die w\u00e4hrend der HTTP-Transaktion aufgetreten sind,<\/li>\n\n\n\n<li>die URL der zuvor vom Nutzer besuchten Seite (Referer-Link), falls der Nutzer \u00fcber einen Link auf die Website zugegriffen hat,<\/li>\n\n\n\n<li>Informationen \u00fcber Ihren Browser,<\/li>\n\n\n\n<li>Informationen \u00fcber Ihre IP-Adresse,<\/li>\n\n\n\n<li>diagnostische Informationen im Zusammenhang mit dem Selbstbedienungsprozess<\/li>\n\n\n\n<li>Bestellung von Dienstleistungen \u00fcber die Registrierstellen auf der Website,<\/li>\n\n\n\n<li>Informationen im Zusammenhang mit der Bearbeitung von E-Mails, die an den Betreiber gerichtet sind und von diesem versandt werden.<\/li>\n<\/ul>\n<\/li>\n<\/ol>\n\n\n\n<h2 class=\"wp-block-heading has-large-font-size\">4. Ihre Rechte und zus\u00e4tzliche Informationen \u00fcber die Verwendung Ihrer Daten<\/h2>\n\n\n\n<ol class=\"wp-block-list\">\n<li>In bestimmten Situationen hat der Verwalter das Recht, Ihre personenbezogenen Daten an andere Empf\u00e4nger zu \u00fcbermitteln, wenn dies f\u00fcr die Erf\u00fcllung eines mit Ihnen geschlossenen Vertrags oder f\u00fcr die Erf\u00fcllung der dem Verwalter obliegenden Verpflichtungen erforderlich ist. Dies gilt f\u00fcr solche Gruppen von Empf\u00e4ngern:\n<ul class=\"wp-block-list\">\n<li>Hosting-Unternehmen auf delegierter Basis<\/li>\n\n\n\n<li>Kuriere<\/li>\n\n\n\n<li>Postunternehmen<\/li>\n\n\n\n<li>Versicherer<\/li>\n\n\n\n<li>Anwaltskanzleien und Inkassob\u00fcros<\/li>\n\n\n\n<li>Banken<\/li>\n\n\n\n<li>Zahlungsdienstleister<\/li>\n\n\n\n<li>\u00f6ffentliche Beh\u00f6rden<\/li>\n\n\n\n<li>Betreiber von Kommentarsystemen<\/li>\n\n\n\n<li>Anbieter von Online-Chat-L\u00f6sungen<\/li>\n\n\n\n<li>autorisierte Mitarbeiter und Partner, die die Daten zur Erf\u00fcllung des Zwecks der Website verwenden<\/li>\n\n\n\n<li>Unternehmen, die dem Verwalter Marketingdienstleistungen anbieten<\/li>\n<\/ul>\n<\/li>\n\n\n\n<li>Ihre personenbezogenen Daten werden vom Verwalter nur so lange verarbeitet, wie es f\u00fcr die Durchf\u00fchrung der damit verbundenen, in gesonderten Vorschriften festgelegten T\u00e4tigkeiten (z. B. zur Buchf\u00fchrung) erforderlich ist.<\/li>\n\n\n\n<li>Sie haben das Recht, von dem f\u00fcr die Verarbeitung Verantwortlichen Folgendes zu verlangen\n<ul class=\"wp-block-list\">\n<li>Zugang zu den Sie betreffenden personenbezogenen Daten,<\/li>\n\n\n\n<li>ihre Berichtigung,<\/li>\n\n\n\n<li>L\u00f6schung,<\/li>\n\n\n\n<li>Einschr\u00e4nkung der Verarbeitung,<\/li>\n\n\n\n<li>und Daten\u00fcbertragbarkeit.<\/li>\n<\/ul>\n<\/li>\n\n\n\n<li>Sie haben das Recht, in Bezug auf die unter Punkt 3.2 genannte Verarbeitung Widerspruch gegen die Verarbeitung Ihrer personenbezogenen Daten zum Zwecke der Wahrnehmung der vom Verwalter verfolgten berechtigten Interessen, einschlie\u00dflich des Profilings, einzulegen, wobei das Widerspruchsrecht nicht ausge\u00fcbt werden kann, wenn es f\u00fcr die Verarbeitung berechtigte Gr\u00fcnde gibt, die Ihre Interessen, Rechte und Freiheiten \u00fcberwiegen, insbesondere die Feststellung, Geltendmachung oder Verteidigung von Anspr\u00fcchen.<\/li>\n\n\n\n<li>Sie k\u00f6nnen sich \u00fcber das Vorgehen des Verwalters beim Pr\u00e4sidenten des Amtes f\u00fcr den Schutz personenbezogener Daten, Stawki-Stra\u00dfe 2, 00-193 Warschau, beschweren.<\/li>\n\n\n\n<li>Die Angabe personenbezogener Daten ist freiwillig, aber f\u00fcr den Betrieb des Dienstes erforderlich.<\/li>\n\n\n\n<li>Automatisierte Entscheidungsfindung, einschlie\u00dflich Profiling zum Zweck der Erbringung von Dienstleistungen im Rahmen eines abgeschlossenen Vertrags und zum Zweck des Direktmarketings durch den Verwalter, kann in Bezug auf Sie durchgef\u00fchrt werden.<\/li>\n\n\n\n<li>Ihre personenbezogenen Daten k\u00f6nnen im Sinne der Datenschutzgesetze in Drittl\u00e4nder \u00fcbermittelt werden. Dies bedeutet, dass wir Ihre Daten au\u00dferhalb der Europ\u00e4ischen Union \u00fcbermitteln k\u00f6nnen.<\/li>\n<\/ol>\n\n\n\n<h2 class=\"wp-block-heading has-large-font-size\">5. Informationen zu den Formularen<\/h2>\n\n\n\n<ol class=\"wp-block-list\">\n<li>Der Dienst sammelt Informationen, die der Nutzer freiwillig zur Verf\u00fcgung stellt, einschlie\u00dflich personenbezogener Daten, sofern diese angegeben werden.<\/li>\n\n\n\n<li>Der Dienst kann Informationen \u00fcber die Verbindungsparameter (Zeitstempel, IP-Adresse) aufzeichnen.<\/li>\n\n\n\n<li>In einigen F\u00e4llen kann der Dienst Informationen aufzeichnen, um die Verkn\u00fcpfung der Daten im Formular mit der E-Mail-Adresse des Benutzers, der das Formular ausf\u00fcllt, zu erleichtern.<\/li>\n\n\n\n<li>Die in das Formular eingegebenen Daten werden zu dem Zweck verarbeitet, der sich aus der Funktion des jeweiligen Formulars ergibt, z. B. um den Vorgang der Dienstleistungsanfrage oder des gesch\u00e4ftlichen Kontakts, der Registrierung von Dienstleistungen usw. auszuf\u00fchren. Aus dem Kontext und der Beschreibung des Formulars geht in jedem Fall klar hervor, wof\u00fcr es verwendet wird.<\/li>\n<\/ol>\n\n\n\n<h2 class=\"wp-block-heading has-large-font-size\">6. Administratorprotokolle<\/h2>\n\n\n\n<ol class=\"wp-block-list\">\n<li>Informationen \u00fcber das Nutzerverhalten auf der Website k\u00f6nnen protokolliert werden. Diese Daten werden f\u00fcr die Verwaltung der Website verwendet.<\/li>\n<\/ol>\n\n\n\n<h2 class=\"wp-block-heading has-large-font-size\">7. Relevante Marketingte<\/h2>\n\n\n\n<ol class=\"wp-block-list\">\n<li>Der Betreiber nutzt die statistische Auswertung des Website-Verkehrs \u00fcber Google Analytics (Google Inc., mit Sitz in den USA). Der Betreiber \u00fcbermittelt keine personenbezogenen Daten an den Betreiber dieses Dienstes, sondern nur anonymisierte Informationen. Der Dienst basiert auf der Verwendung von Cookies auf dem Endger\u00e4t des Nutzers. Was die vom Google-Werbenetzwerk gesammelten Informationen \u00fcber die Pr\u00e4ferenzen des Nutzers betrifft, so kann der Nutzer die aus den Cookies resultierenden Informationen \u00fcber das Tool <a href=\"https:\/\/www.google.com\/ads\/preferences\/\" target=\"_blank\" rel=\"noreferrer noopener nofollow\">https:\/\/www.google.com\/ads\/preferences\/<\/a> einsehen und bearbeiten.<\/li>\n\n\n\n<li>Der Betreiber verwendet Remarketing-Techniken, um Werbebotschaften auf das Verhalten des Nutzers auf der Website abzustimmen, was den Anschein erwecken kann, dass die pers\u00f6nlichen Daten des Nutzers zur Verfolgung des Nutzers verwendet werden, aber in der Praxis werden keine pers\u00f6nlichen Daten vom Betreiber an die Werbebetreiber \u00fcbertragen. Eine technische Voraussetzung f\u00fcr solche Aktivit\u00e4ten ist die Aktivierung von Cookies.<\/li>\n\n\n\n<li>Der Betreiber verwendet das Facebook-Pixel. Diese Technologie bedeutet, dass Facebook (Facebook Inc., mit Sitz in den USA) wei\u00df, dass eine bei ihm registrierte Person den Dienst nutzt. In diesem Fall st\u00fctzt es sich auf die Daten, f\u00fcr die es selbst der Verantwortliche ist; der Betreiber gibt keine zus\u00e4tzlichen personenbezogenen Daten von sich an Facebook weiter. Der Dienst basiert auf der Verwendung von Cookies auf dem Endger\u00e4t des Nutzers.<\/li>\n\n\n\n<li>Der Betreiber verwendet eine L\u00f6sung zur Untersuchung des Nutzerverhaltens, indem er Heatmaps erstellt und das Verhalten auf der Website aufzeichnet. Diese Informationen werden anonymisiert, bevor sie an den Betreiber des Dienstes gesendet werden, so dass dieser nicht wei\u00df, auf welche Person sie sich beziehen. Insbesondere werden eingegebene Passw\u00f6rter und andere pers\u00f6nliche Daten nicht aufgezeichnet.<\/li>\n\n\n\n<li>Der Betreiber verwendet eine L\u00f6sung, die den Betrieb des Dienstes in Bezug auf die Nutzer automatisiert, z. B. kann er dem Nutzer nach dem Besuch einer bestimmten Unterseite eine E-Mail schicken, sofern der Nutzer dem Erhalt kommerzieller Korrespondenz des Betreibers zugestimmt hat.<\/li>\n<\/ol>\n\n\n\n<h2 class=\"wp-block-heading has-large-font-size\">8. Informationen \u00fcber Cookies<\/h2>\n\n\n\n<ol class=\"wp-block-list\">\n<li>Die Website verwendet Cookies.<\/li>\n\n\n\n<li>Cookies (sog. \u201eKekse\u201c) sind IT-Daten, insbesondere Textdateien, die im Endger\u00e4t des Dienstnutzers gespeichert werden und f\u00fcr die Nutzung der Website bestimmt sind. Cookies enthalten in der Regel den Namen der Website, von der sie stammen, die Zeit, in der sie auf dem Endger\u00e4t gespeichert werden, und eine eindeutige Nummer.<\/li>\n\n\n\n<li>Die Stelle, die Cookies auf dem Endger\u00e4t eines Nutzers platziert und Zugang zu ihnen erh\u00e4lt, ist der Betreiber des Dienstes.<\/li>\n\n\n\n<li>Cookies werden f\u00fcr die folgenden Zwecke verwendet:\n<ul class=\"wp-block-list\">\n<li>Aufrechterhaltung einer Sitzung des Website-Benutzers (nach dem Einloggen), dank derer der Benutzer sein Login und sein Passwort nicht auf jeder Unterseite der Website erneut eingeben muss;<\/li>\n\n\n\n<li>um die oben unter \u201eWesentliche Marketingtechniken\u201c genannten Ziele zu erreichen;<\/li>\n<\/ul>\n<\/li>\n\n\n\n<li>Die Website verwendet zwei Haupttypen von Cookies: \u201eSession\u201c (Sitzungscookies) und \u201apermanente\u2018 (dauerhafte Cookies). \u201eSitzungs-Cookies\u201c sind tempor\u00e4re Dateien, die auf dem Endger\u00e4t des Nutzers gespeichert werden, bis dieser sich abmeldet, die Website verl\u00e4sst oder die Software (Webbrowser) ausschaltet. \u201eDauerhafte\u201c Cookies werden auf dem Endger\u00e4t des Nutzers f\u00fcr die in den Cookie-Parametern angegebene Zeit oder bis zu ihrer L\u00f6schung durch den Nutzer gespeichert.<\/li>\n\n\n\n<li>Die Web-Browsing-Software (Webbrowser) erlaubt in der Regel standardm\u00e4\u00dfig die Speicherung von Cookies auf dem Endger\u00e4t des Nutzers. Die Nutzer der Website k\u00f6nnen ihre diesbez\u00fcglichen Einstellungen \u00e4ndern. Ihr Webbrowser erm\u00f6glicht es Ihnen, Cookies zu l\u00f6schen. Es ist auch m\u00f6glich, Cookies automatisch zu blockieren. Einzelheiten hierzu entnehmen Sie bitte der Hilfe oder Dokumentation Ihres Internet-Browsers.<\/li>\n\n\n\n<li>Einschr\u00e4nkungen bei der Verwendung von Cookies k\u00f6nnen einige der auf der Website verf\u00fcgbaren Funktionen beeintr\u00e4chtigen.<\/li>\n\n\n\n<li>Cookies, die im Endger\u00e4t des Dienstnutzers platziert werden, k\u00f6nnen auch von Einrichtungen verwendet werden, die mit dem Dienstbetreiber zusammenarbeiten, insbesondere von Unternehmen: Google (Google Inc. mit Sitz in den USA), Facebook (Facebook Inc. mit Sitz in den USA), Twitter (Twitter Inc. mit Sitz in den USA).<\/li>\n<\/ol>\n\n\n\n<h2 class=\"wp-block-heading has-large-font-size\">9. Die Verwaltung von Cookies &#8211; wie wird die Zustimmung in der Praxis erteilt und zur\u00fcckgezogen?<\/h2>\n\n\n\n<ol class=\"wp-block-list\">\n<li>Wenn Sie keine Cookies erhalten m\u00f6chten, k\u00f6nnen Sie Ihre Browsereinstellungen \u00e4ndern. Wir weisen darauf hin, dass die Deaktivierung von Cookies, die f\u00fcr Authentifizierungsprozesse, die Sicherheit und die Beibehaltung von Benutzerpr\u00e4ferenzen unerl\u00e4sslich sind, die Nutzung der Websites erschweren und in extremen F\u00e4llen unm\u00f6glich machen kann<\/li>\n\n\n\n<li>Um Ihre Cookie-Einstellungen zu verwalten, w\u00e4hlen Sie den von Ihnen verwendeten Webbrowser aus der nachstehenden Liste aus und folgen Sie den Anweisungen:\n<ul class=\"wp-block-list\">\n<li><a style=\"background-color: var(--ast-global-color-5); font-size: 1rem;\" href=\"https:\/\/support.microsoft.com\/pl-pl\/help\/10607\/microsoft-edge-view-delete-browser-history\" target=\"_blank\" rel=\"noreferrer noopener nofollow\">Edge<\/a><\/li>\n\n\n\n<li><a href=\"https:\/\/support.microsoft.com\/pl-pl\/help\/278835\/how-to-delete-cookie-files-in-internet-explorer\" target=\"_blank\" rel=\"noreferrer noopener nofollow\">Internet Explorer<\/a><\/li>\n\n\n\n<li><a href=\"http:\/\/support.google.com\/chrome\/bin\/answer.py?hl=pl&amp;answer=95647\" target=\"_blank\" rel=\"noreferrer noopener nofollow\">Chrome<\/a><\/li>\n\n\n\n<li><a href=\"http:\/\/support.apple.com\/kb\/PH5042\" target=\"_blank\" rel=\"noreferrer noopener nofollow\">Safari<\/a><\/li>\n\n\n\n<li><a href=\"http:\/\/support.mozilla.org\/pl\/kb\/W%C5%82%C4%85czanie%20i%20wy%C5%82%C4%85czanie%20obs%C5%82ugi%20ciasteczek\" target=\"_blank\" rel=\"noreferrer noopener nofollow\">Firefox<\/a><\/li>\n\n\n\n<li><a href=\"http:\/\/help.opera.com\/Windows\/12.10\/pl\/cookies.html\" target=\"_blank\" rel=\"noreferrer noopener nofollow\">Opera<\/a><\/li>\n\n\n\n<li>Mobile Ger\u00e4te:\n<ul class=\"wp-block-list\">\n<li><a href=\"http:\/\/support.google.com\/chrome\/bin\/answer.py?hl=pl&amp;answer=95647\" target=\"_blank\" rel=\"noreferrer noopener nofollow\">Android<\/a><\/li>\n\n\n\n<li><a href=\"http:\/\/support.apple.com\/kb\/HT1677?viewlocale=pl_PL\" target=\"_blank\" rel=\"noreferrer noopener nofollow\">Safari (iOS)<\/a><\/li>\n\n\n\n<li><a href=\"http:\/\/www.windowsphone.com\/pl-pl\/how-to\/wp7\/web\/changing-privacy-and-other-browser-settings\" target=\"_blank\" rel=\"noreferrer noopener nofollow\">Windows Phone<\/a><\/li>\n<\/ul>\n<\/li>\n<\/ul>\n<\/li>\n<\/ol>","protected":false},"excerpt":{"rendered":"<p>Die Datenschutzrichtlinie beschreibt, wie wir Informationen \u00fcber Sie, einschlie\u00dflich personenbezogener Daten und Cookies, verarbeiten. 1. Allgemeine Informationen 2. Ausgew\u00e4hlte Datenschutzmethoden des Betreibers 3. Das Hosting 4. Ihre Rechte und zus\u00e4tzliche Informationen \u00fcber die Verwendung Ihrer Daten 5. Informationen zu den Formularen 6. Administratorprotokolle 7. Relevante Marketingte 8. Informationen \u00fcber Cookies 9. Die Verwaltung von Cookies [&hellip;]<\/p>\n","protected":false},"author":1,"featured_media":0,"parent":0,"menu_order":0,"comment_status":"closed","ping_status":"closed","template":"page-with-title","meta":{"footnotes":""},"class_list":["post-102","page","type-page","status-publish","hentry"],"aioseo_notices":[],"_links":{"self":[{"href":"https:\/\/beata-dribczak.com\/pl\/wp-json\/wp\/v2\/pages\/102","targetHints":{"allow":["GET"]}}],"collection":[{"href":"https:\/\/beata-dribczak.com\/pl\/wp-json\/wp\/v2\/pages"}],"about":[{"href":"https:\/\/beata-dribczak.com\/pl\/wp-json\/wp\/v2\/types\/page"}],"author":[{"embeddable":true,"href":"https:\/\/beata-dribczak.com\/pl\/wp-json\/wp\/v2\/users\/1"}],"replies":[{"embeddable":true,"href":"https:\/\/beata-dribczak.com\/pl\/wp-json\/wp\/v2\/comments?post=102"}],"version-history":[{"count":4,"href":"https:\/\/beata-dribczak.com\/pl\/wp-json\/wp\/v2\/pages\/102\/revisions"}],"predecessor-version":[{"id":148,"href":"https:\/\/beata-dribczak.com\/pl\/wp-json\/wp\/v2\/pages\/102\/revisions\/148"}],"wp:attachment":[{"href":"https:\/\/beata-dribczak.com\/pl\/wp-json\/wp\/v2\/media?parent=102"}],"curies":[{"name":"wp","href":"https:\/\/api.w.org\/{rel}","templated":true}]}}